{"id":1005,"date":"2021-08-25T17:45:09","date_gmt":"2021-08-25T21:45:09","guid":{"rendered":"https:\/\/cbnpub.okdproduction.com\/?page_id=1005"},"modified":"2026-03-20T08:57:36","modified_gmt":"2026-03-20T12:57:36","slug":"privacy-policy","status":"publish","type":"page","link":"https:\/\/canadianbrokernetwork.com\/fr\/privacy-policy\/","title":{"rendered":"Politique de confidentialit\u00e9"},"content":{"rendered":"<p>En comparant les options de jeux en ligne modernes, le nom <a href=\"https:\/\/barzcasino.click\">barzcasino.cliquez<\/a> Ce sujet revient fr\u00e9quemment dans les discussions sur les machines \u00e0 sous en ligne. Le jeu en ligne a consid\u00e9rablement \u00e9volu\u00e9, les joueurs exigeant des paiements rapides et un catalogue de jeux cons\u00e9quent. C&#039;est pourquoi ils comparent souvent plusieurs plateformes avant de choisir o\u00f9 jouer.<\/p>","protected":false},"excerpt":{"rendered":"<p>Lorsqu&#039;on compare les options de jeux en ligne modernes, le nom barzcasino.click revient fr\u00e9quemment dans les discussions sur les machines \u00e0 sous en ligne. Le jeu en ligne a consid\u00e9rablement \u00e9volu\u00e9, les joueurs exigeant des paiements rapides et une ludoth\u00e8que riche. C&#039;est pourquoi ils comparent souvent plusieurs plateformes avant de choisir o\u00f9 jouer.<\/p>","protected":false},"author":7,"featured_media":0,"parent":0,"menu_order":0,"comment_status":"closed","ping_status":"closed","template":"","meta":{"_acf_changed":false,"_monsterinsights_skip_tracking":false,"_monsterinsights_sitenote_active":false,"_monsterinsights_sitenote_note":"","_monsterinsights_sitenote_category":0,"footnotes":""},"class_list":["post-1005","page","type-page","status-publish","hentry"],"acf":[],"_links":{"self":[{"href":"https:\/\/canadianbrokernetwork.com\/fr\/wp-json\/wp\/v2\/pages\/1005","targetHints":{"allow":["GET"]}}],"collection":[{"href":"https:\/\/canadianbrokernetwork.com\/fr\/wp-json\/wp\/v2\/pages"}],"about":[{"href":"https:\/\/canadianbrokernetwork.com\/fr\/wp-json\/wp\/v2\/types\/page"}],"author":[{"embeddable":true,"href":"https:\/\/canadianbrokernetwork.com\/fr\/wp-json\/wp\/v2\/users\/7"}],"replies":[{"embeddable":true,"href":"https:\/\/canadianbrokernetwork.com\/fr\/wp-json\/wp\/v2\/comments?post=1005"}],"version-history":[{"count":5,"href":"https:\/\/canadianbrokernetwork.com\/fr\/wp-json\/wp\/v2\/pages\/1005\/revisions"}],"predecessor-version":[{"id":3484,"href":"https:\/\/canadianbrokernetwork.com\/fr\/wp-json\/wp\/v2\/pages\/1005\/revisions\/3484"}],"wp:attachment":[{"href":"https:\/\/canadianbrokernetwork.com\/fr\/wp-json\/wp\/v2\/media?parent=1005"}],"curies":[{"name":"wp","href":"https:\/\/api.w.org\/{rel}","templated":true}]}}