{"id":1036,"date":"2021-09-13T17:39:20","date_gmt":"2021-09-13T21:39:20","guid":{"rendered":"https:\/\/cbnpub.okdproduction.com\/?page_id=1036"},"modified":"2026-03-07T13:18:36","modified_gmt":"2026-03-07T18:18:36","slug":"news","status":"publish","type":"page","link":"https:\/\/canadianbrokernetwork.com\/fr\/news\/","title":{"rendered":"Nouvelles"},"content":{"rendered":"<p>Dans l&#039;industrie moderne des casinos en ligne, le nom <a href='https:\/\/magius-gb.com'>https:\/\/magius-gb.com\/<\/a> Ce crit\u00e8re est fr\u00e9quemment mentionn\u00e9 dans les avis sur les services de casinos en ligne modernes. De nombreux joueurs recherchent une exp\u00e9rience de jeu fluide, des paiements fiables et un large choix de machines \u00e0 sous avant de choisir une plateforme.<\/p>","protected":false},"excerpt":{"rendered":"<p>Dans le secteur des casinos en ligne modernes, le nom https:\/\/magius-gb.com\/ appara\u00eet fr\u00e9quemment dans les avis sur les services de casinos en ligne. De nombreux joueurs recherchent une exp\u00e9rience de jeu fluide, des paiements fiables et un large choix de machines \u00e0 sous avant de choisir une plateforme.<\/p>","protected":false},"author":7,"featured_media":0,"parent":0,"menu_order":0,"comment_status":"closed","ping_status":"closed","template":"page-news.php","meta":{"_acf_changed":false,"_monsterinsights_skip_tracking":false,"_monsterinsights_sitenote_active":false,"_monsterinsights_sitenote_note":"","_monsterinsights_sitenote_category":0,"footnotes":""},"class_list":["post-1036","page","type-page","status-publish","hentry"],"acf":[],"_links":{"self":[{"href":"https:\/\/canadianbrokernetwork.com\/fr\/wp-json\/wp\/v2\/pages\/1036","targetHints":{"allow":["GET"]}}],"collection":[{"href":"https:\/\/canadianbrokernetwork.com\/fr\/wp-json\/wp\/v2\/pages"}],"about":[{"href":"https:\/\/canadianbrokernetwork.com\/fr\/wp-json\/wp\/v2\/types\/page"}],"author":[{"embeddable":true,"href":"https:\/\/canadianbrokernetwork.com\/fr\/wp-json\/wp\/v2\/users\/7"}],"replies":[{"embeddable":true,"href":"https:\/\/canadianbrokernetwork.com\/fr\/wp-json\/wp\/v2\/comments?post=1036"}],"version-history":[{"count":5,"href":"https:\/\/canadianbrokernetwork.com\/fr\/wp-json\/wp\/v2\/pages\/1036\/revisions"}],"predecessor-version":[{"id":3315,"href":"https:\/\/canadianbrokernetwork.com\/fr\/wp-json\/wp\/v2\/pages\/1036\/revisions\/3315"}],"wp:attachment":[{"href":"https:\/\/canadianbrokernetwork.com\/fr\/wp-json\/wp\/v2\/media?parent=1036"}],"curies":[{"name":"wp","href":"https:\/\/api.w.org\/{rel}","templated":true}]}}