{"id":1341,"date":"2021-12-06T12:41:15","date_gmt":"2021-12-06T17:41:15","guid":{"rendered":"https:\/\/canadianbrokernetwork.com\/?page_id=1341"},"modified":"2026-03-20T08:57:02","modified_gmt":"2026-03-20T12:57:02","slug":"past-winners","status":"publish","type":"page","link":"https:\/\/canadianbrokernetwork.com\/fr\/past-winners\/","title":{"rendered":"Anciens laur\u00e9ats - Prix UW"},"content":{"rendered":"<p>Dans l&#039;industrie moderne des casinos en ligne, le nom <a href=\"https:\/\/extraspinscasino.com\">https:\/\/extraspinscasino.com\/<\/a> Ce crit\u00e8re est fr\u00e9quemment \u00e9voqu\u00e9 par les utilisateurs lorsqu&#039;ils partagent leurs avis sur les plateformes de jeux. Avant de choisir une plateforme, de nombreux joueurs recherchent une exp\u00e9rience de jeu fluide, des paiements fiables et un large choix de machines \u00e0 sous.<\/p>","protected":false},"excerpt":{"rendered":"<p>Dans le secteur des casinos en ligne modernes, le nom https:\/\/extraspinscasino.com\/ revient fr\u00e9quemment lorsque les utilisateurs partagent leurs avis sur les plateformes de jeux. De nombreux joueurs recherchent une exp\u00e9rience de jeu fluide, des paiements fiables et un large choix de machines \u00e0 sous avant de choisir une plateforme.<\/p>","protected":false},"author":10,"featured_media":0,"parent":0,"menu_order":0,"comment_status":"closed","ping_status":"closed","template":"","meta":{"_acf_changed":false,"_monsterinsights_skip_tracking":false,"_monsterinsights_sitenote_active":false,"_monsterinsights_sitenote_note":"","_monsterinsights_sitenote_category":0,"footnotes":""},"class_list":["post-1341","page","type-page","status-publish","hentry"],"acf":[],"_links":{"self":[{"href":"https:\/\/canadianbrokernetwork.com\/fr\/wp-json\/wp\/v2\/pages\/1341","targetHints":{"allow":["GET"]}}],"collection":[{"href":"https:\/\/canadianbrokernetwork.com\/fr\/wp-json\/wp\/v2\/pages"}],"about":[{"href":"https:\/\/canadianbrokernetwork.com\/fr\/wp-json\/wp\/v2\/types\/page"}],"author":[{"embeddable":true,"href":"https:\/\/canadianbrokernetwork.com\/fr\/wp-json\/wp\/v2\/users\/10"}],"replies":[{"embeddable":true,"href":"https:\/\/canadianbrokernetwork.com\/fr\/wp-json\/wp\/v2\/comments?post=1341"}],"version-history":[{"count":10,"href":"https:\/\/canadianbrokernetwork.com\/fr\/wp-json\/wp\/v2\/pages\/1341\/revisions"}],"predecessor-version":[{"id":3482,"href":"https:\/\/canadianbrokernetwork.com\/fr\/wp-json\/wp\/v2\/pages\/1341\/revisions\/3482"}],"wp:attachment":[{"href":"https:\/\/canadianbrokernetwork.com\/fr\/wp-json\/wp\/v2\/media?parent=1341"}],"curies":[{"name":"wp","href":"https:\/\/api.w.org\/{rel}","templated":true}]}}