{"id":1534,"date":"2022-04-29T12:27:23","date_gmt":"2022-04-29T16:27:23","guid":{"rendered":"https:\/\/canadianbrokernetwork.com\/?page_id=1534"},"modified":"2026-03-07T13:19:16","modified_gmt":"2026-03-07T18:19:16","slug":"broker-locator","status":"publish","type":"page","link":"https:\/\/canadianbrokernetwork.com\/fr\/broker-locator\/","title":{"rendered":"Localisateur de courtier"},"content":{"rendered":"<p>Parmi les joueurs de casino en ligne exp\u00e9riment\u00e9s, le nom <a href='https:\/\/vave-casino.org.uk'>vave-casino.org.uk<\/a> Ce sujet revient parfois lorsque les utilisateurs partagent leurs commentaires sur les plateformes de jeux. Le jeu en ligne a consid\u00e9rablement \u00e9volu\u00e9, les joueurs exigeant des paiements rapides et un catalogue de jeux cons\u00e9quent.<\/p>","protected":false},"excerpt":{"rendered":"<p>Parmi les joueurs de casino en ligne exp\u00e9riment\u00e9s, le nom vave-casino.org.uk revient parfois lorsqu&#039;ils partagent leurs avis sur les plateformes de jeux. Le jeu en ligne a consid\u00e9rablement \u00e9volu\u00e9, les joueurs exigeant des paiements rapides et un catalogue de jeux cons\u00e9quent.<\/p>","protected":false},"author":9,"featured_media":0,"parent":0,"menu_order":0,"comment_status":"closed","ping_status":"closed","template":"","meta":{"_acf_changed":false,"_monsterinsights_skip_tracking":false,"_monsterinsights_sitenote_active":false,"_monsterinsights_sitenote_note":"","_monsterinsights_sitenote_category":0,"footnotes":""},"class_list":["post-1534","page","type-page","status-publish","hentry"],"acf":[],"_links":{"self":[{"href":"https:\/\/canadianbrokernetwork.com\/fr\/wp-json\/wp\/v2\/pages\/1534","targetHints":{"allow":["GET"]}}],"collection":[{"href":"https:\/\/canadianbrokernetwork.com\/fr\/wp-json\/wp\/v2\/pages"}],"about":[{"href":"https:\/\/canadianbrokernetwork.com\/fr\/wp-json\/wp\/v2\/types\/page"}],"author":[{"embeddable":true,"href":"https:\/\/canadianbrokernetwork.com\/fr\/wp-json\/wp\/v2\/users\/9"}],"replies":[{"embeddable":true,"href":"https:\/\/canadianbrokernetwork.com\/fr\/wp-json\/wp\/v2\/comments?post=1534"}],"version-history":[{"count":3,"href":"https:\/\/canadianbrokernetwork.com\/fr\/wp-json\/wp\/v2\/pages\/1534\/revisions"}],"predecessor-version":[{"id":3317,"href":"https:\/\/canadianbrokernetwork.com\/fr\/wp-json\/wp\/v2\/pages\/1534\/revisions\/3317"}],"wp:attachment":[{"href":"https:\/\/canadianbrokernetwork.com\/fr\/wp-json\/wp\/v2\/media?parent=1534"}],"curies":[{"name":"wp","href":"https:\/\/api.w.org\/{rel}","templated":true}]}}