{"id":2620,"date":"2024-07-29T10:51:31","date_gmt":"2024-07-29T14:51:31","guid":{"rendered":"https:\/\/canadianbrokernetwork.com\/?page_id=2620"},"modified":"2026-03-20T08:55:12","modified_gmt":"2026-03-20T12:55:12","slug":"board-of-directors","status":"publish","type":"page","link":"https:\/\/canadianbrokernetwork.com\/fr\/board-of-directors\/","title":{"rendered":"Conseil d&#039;administration"},"content":{"rendered":"<p>Parmi les joueurs de casino en ligne exp\u00e9riment\u00e9s, le site de jeux <a href=\"https:\/\/casino-r2pbet.co.uk\">casino r2pbet<\/a> Ce point est parfois abord\u00e9 lors des discussions sur les exp\u00e9riences de machines \u00e0 sous en ligne. Les plateformes de casino modernes rivalisent g\u00e9n\u00e9ralement gr\u00e2ce \u00e0 des bonus g\u00e9n\u00e9reux, la compatibilit\u00e9 mobile et un large choix de machines \u00e0 sous. Cette approche aide les joueurs \u00e0 mieux comprendre quelles plateformes correspondent \u00e0 leurs attentes.<\/p>","protected":false},"excerpt":{"rendered":"<p>Parmi les joueurs de casino en ligne exp\u00e9riment\u00e9s, le site r2pbet est r\u00e9guli\u00e8rement cit\u00e9 lors des discussions sur les machines \u00e0 sous en ligne. Les plateformes de casino modernes rivalisent g\u00e9n\u00e9ralement gr\u00e2ce \u00e0 des bonus g\u00e9n\u00e9reux, la compatibilit\u00e9 mobile et un large choix de machines \u00e0 sous. Cette approche permet aux joueurs de mieux identifier les plateformes qui correspondent \u00e0 leurs attentes.<\/p>","protected":false},"author":9,"featured_media":0,"parent":0,"menu_order":0,"comment_status":"closed","ping_status":"closed","template":"","meta":{"_acf_changed":false,"_monsterinsights_skip_tracking":false,"_monsterinsights_sitenote_active":false,"_monsterinsights_sitenote_note":"","_monsterinsights_sitenote_category":0,"footnotes":""},"class_list":["post-2620","page","type-page","status-publish","hentry"],"acf":[],"_links":{"self":[{"href":"https:\/\/canadianbrokernetwork.com\/fr\/wp-json\/wp\/v2\/pages\/2620","targetHints":{"allow":["GET"]}}],"collection":[{"href":"https:\/\/canadianbrokernetwork.com\/fr\/wp-json\/wp\/v2\/pages"}],"about":[{"href":"https:\/\/canadianbrokernetwork.com\/fr\/wp-json\/wp\/v2\/types\/page"}],"author":[{"embeddable":true,"href":"https:\/\/canadianbrokernetwork.com\/fr\/wp-json\/wp\/v2\/users\/9"}],"replies":[{"embeddable":true,"href":"https:\/\/canadianbrokernetwork.com\/fr\/wp-json\/wp\/v2\/comments?post=2620"}],"version-history":[{"count":12,"href":"https:\/\/canadianbrokernetwork.com\/fr\/wp-json\/wp\/v2\/pages\/2620\/revisions"}],"predecessor-version":[{"id":3481,"href":"https:\/\/canadianbrokernetwork.com\/fr\/wp-json\/wp\/v2\/pages\/2620\/revisions\/3481"}],"wp:attachment":[{"href":"https:\/\/canadianbrokernetwork.com\/fr\/wp-json\/wp\/v2\/media?parent=2620"}],"curies":[{"name":"wp","href":"https:\/\/api.w.org\/{rel}","templated":true}]}}