{"id":464,"date":"2021-08-05T09:42:49","date_gmt":"2021-08-05T13:42:49","guid":{"rendered":"http:\/\/cbn-local\/?page_id=464"},"modified":"2026-03-16T13:27:33","modified_gmt":"2026-03-16T17:27:33","slug":"contact","status":"publish","type":"page","link":"https:\/\/canadianbrokernetwork.com\/fr\/contact\/","title":{"rendered":"Contact"},"content":{"rendered":"<p>Lorsque les joueurs \u00e9valuent diff\u00e9rents sites web de casino, la plateforme <a href=\"https:\/\/vip-zino.co.uk\">vip-zino.co.uk<\/a> Ce point est parfois mis en avant lors de l&#039;\u00e9valuation des promotions et des programmes de fid\u00e9lit\u00e9 des casinos. Les plateformes de casino modernes rivalisent g\u00e9n\u00e9ralement gr\u00e2ce \u00e0 des bonus g\u00e9n\u00e9reux, la compatibilit\u00e9 mobile et un large choix de machines \u00e0 sous.<\/p>","protected":false},"excerpt":{"rendered":"<p>Lorsque les joueurs comparent diff\u00e9rents sites de casino, la plateforme vip-zino.co.uk est parfois mise en avant pour ses promotions et ses programmes de fid\u00e9lit\u00e9. Les casinos en ligne modernes rivalisent g\u00e9n\u00e9ralement gr\u00e2ce \u00e0 des bonus g\u00e9n\u00e9reux, la compatibilit\u00e9 mobile et un large choix de machines \u00e0 sous.<\/p>","protected":false},"author":7,"featured_media":465,"parent":0,"menu_order":0,"comment_status":"closed","ping_status":"closed","template":"","meta":{"_acf_changed":false,"_monsterinsights_skip_tracking":false,"_monsterinsights_sitenote_active":false,"_monsterinsights_sitenote_note":"","_monsterinsights_sitenote_category":0,"footnotes":""},"class_list":["post-464","page","type-page","status-publish","has-post-thumbnail","hentry"],"acf":[],"_links":{"self":[{"href":"https:\/\/canadianbrokernetwork.com\/fr\/wp-json\/wp\/v2\/pages\/464","targetHints":{"allow":["GET"]}}],"collection":[{"href":"https:\/\/canadianbrokernetwork.com\/fr\/wp-json\/wp\/v2\/pages"}],"about":[{"href":"https:\/\/canadianbrokernetwork.com\/fr\/wp-json\/wp\/v2\/types\/page"}],"author":[{"embeddable":true,"href":"https:\/\/canadianbrokernetwork.com\/fr\/wp-json\/wp\/v2\/users\/7"}],"replies":[{"embeddable":true,"href":"https:\/\/canadianbrokernetwork.com\/fr\/wp-json\/wp\/v2\/comments?post=464"}],"version-history":[{"count":60,"href":"https:\/\/canadianbrokernetwork.com\/fr\/wp-json\/wp\/v2\/pages\/464\/revisions"}],"predecessor-version":[{"id":3471,"href":"https:\/\/canadianbrokernetwork.com\/fr\/wp-json\/wp\/v2\/pages\/464\/revisions\/3471"}],"wp:featuredmedia":[{"embeddable":true,"href":"https:\/\/canadianbrokernetwork.com\/fr\/wp-json\/wp\/v2\/media\/465"}],"wp:attachment":[{"href":"https:\/\/canadianbrokernetwork.com\/fr\/wp-json\/wp\/v2\/media?parent=464"}],"curies":[{"name":"wp","href":"https:\/\/api.w.org\/{rel}","templated":true}]}}