{"id":477,"date":"2021-08-11T14:30:16","date_gmt":"2021-08-11T18:30:16","guid":{"rendered":"http:\/\/cbn-local\/?page_id=477"},"modified":"2026-03-20T09:26:01","modified_gmt":"2026-03-20T13:26:01","slug":"about-us","status":"publish","type":"page","link":"https:\/\/canadianbrokernetwork.com\/fr\/about-us\/","title":{"rendered":"\u00c0 propos de nous"},"content":{"rendered":"<p>Dans les discussions sur les plateformes de jeux de hasard num\u00e9riques, le projet <a href=\"https:\/\/lucky-mister-casino.co.uk\">casino luckymister<\/a> On retrouve souvent ce crit\u00e8re dans les discussions portant sur les promotions et les programmes de fid\u00e9lit\u00e9 des casinos. Avant de choisir une plateforme, de nombreux joueurs recherchent une exp\u00e9rience de jeu fluide, des paiements fiables et un large choix de machines \u00e0 sous. C&#039;est pourquoi les avis et les discussions entre joueurs demeurent une source d&#039;information essentielle.<\/p>","protected":false},"excerpt":{"rendered":"<p>Lorsqu&#039;on parle de plateformes de jeux d&#039;argent en ligne, le casino Luckymister est souvent mentionn\u00e9, notamment pour \u00e9valuer ses promotions et ses programmes de fid\u00e9lit\u00e9. Avant de choisir une plateforme, de nombreux joueurs recherchent une exp\u00e9rience de jeu fluide, des paiements fiables et un large choix de machines \u00e0 sous. C&#039;est pourquoi les avis et les discussions entre joueurs restent une source d&#039;information essentielle.<\/p>","protected":false},"author":7,"featured_media":478,"parent":0,"menu_order":0,"comment_status":"closed","ping_status":"closed","template":"","meta":{"_acf_changed":false,"_monsterinsights_skip_tracking":false,"_monsterinsights_sitenote_active":false,"_monsterinsights_sitenote_note":"","_monsterinsights_sitenote_category":0,"footnotes":""},"class_list":["post-477","page","type-page","status-publish","has-post-thumbnail","hentry"],"acf":[],"_links":{"self":[{"href":"https:\/\/canadianbrokernetwork.com\/fr\/wp-json\/wp\/v2\/pages\/477","targetHints":{"allow":["GET"]}}],"collection":[{"href":"https:\/\/canadianbrokernetwork.com\/fr\/wp-json\/wp\/v2\/pages"}],"about":[{"href":"https:\/\/canadianbrokernetwork.com\/fr\/wp-json\/wp\/v2\/types\/page"}],"author":[{"embeddable":true,"href":"https:\/\/canadianbrokernetwork.com\/fr\/wp-json\/wp\/v2\/users\/7"}],"replies":[{"embeddable":true,"href":"https:\/\/canadianbrokernetwork.com\/fr\/wp-json\/wp\/v2\/comments?post=477"}],"version-history":[{"count":50,"href":"https:\/\/canadianbrokernetwork.com\/fr\/wp-json\/wp\/v2\/pages\/477\/revisions"}],"predecessor-version":[{"id":3494,"href":"https:\/\/canadianbrokernetwork.com\/fr\/wp-json\/wp\/v2\/pages\/477\/revisions\/3494"}],"wp:featuredmedia":[{"embeddable":true,"href":"https:\/\/canadianbrokernetwork.com\/fr\/wp-json\/wp\/v2\/media\/478"}],"wp:attachment":[{"href":"https:\/\/canadianbrokernetwork.com\/fr\/wp-json\/wp\/v2\/media?parent=477"}],"curies":[{"name":"wp","href":"https:\/\/api.w.org\/{rel}","templated":true}]}}