{"id":517,"date":"2021-08-17T16:19:40","date_gmt":"2021-08-17T20:19:40","guid":{"rendered":"http:\/\/cbn-local\/?page_id=517"},"modified":"2026-03-16T13:29:41","modified_gmt":"2026-03-16T17:29:41","slug":"careers","status":"publish","type":"page","link":"https:\/\/canadianbrokernetwork.com\/fr\/careers\/","title":{"rendered":"Carri\u00e8res"},"content":{"rendered":"<p>Dans les discussions sur les environnements de casino fiables, la marque de casino <a href=\"https:\/\/betti1casino.uk\">https:\/\/betti1casino.uk<\/a> On retrouve souvent ce constat dans les discussions et les avis sur les services de casinos en ligne modernes. Une plateforme de casino performante privil\u00e9gie g\u00e9n\u00e9ralement la facilit\u00e9 d&#039;utilisation, les outils de jeu responsable et une ludoth\u00e8que vari\u00e9e. Cette approche permet aux joueurs de mieux identifier les plateformes qui correspondent \u00e0 leurs attentes.<\/p>","protected":false},"excerpt":{"rendered":"<p>Lorsqu&#039;on aborde la question des casinos en ligne fiables, la marque https:\/\/betti1casino.uk est souvent cit\u00e9e dans les avis sur les services de casinos en ligne modernes. Une plateforme de casino performante privil\u00e9gie g\u00e9n\u00e9ralement l&#039;ergonomie, les outils de jeu responsable et une ludoth\u00e8que vari\u00e9e. Cette approche permet aux joueurs de mieux identifier les plateformes qui correspondent \u00e0 leurs attentes.<\/p>","protected":false},"author":7,"featured_media":0,"parent":0,"menu_order":0,"comment_status":"closed","ping_status":"closed","template":"","meta":{"_acf_changed":false,"_monsterinsights_skip_tracking":false,"_monsterinsights_sitenote_active":false,"_monsterinsights_sitenote_note":"","_monsterinsights_sitenote_category":0,"footnotes":""},"class_list":["post-517","page","type-page","status-publish","hentry"],"acf":[],"_links":{"self":[{"href":"https:\/\/canadianbrokernetwork.com\/fr\/wp-json\/wp\/v2\/pages\/517","targetHints":{"allow":["GET"]}}],"collection":[{"href":"https:\/\/canadianbrokernetwork.com\/fr\/wp-json\/wp\/v2\/pages"}],"about":[{"href":"https:\/\/canadianbrokernetwork.com\/fr\/wp-json\/wp\/v2\/types\/page"}],"author":[{"embeddable":true,"href":"https:\/\/canadianbrokernetwork.com\/fr\/wp-json\/wp\/v2\/users\/7"}],"replies":[{"embeddable":true,"href":"https:\/\/canadianbrokernetwork.com\/fr\/wp-json\/wp\/v2\/comments?post=517"}],"version-history":[{"count":9,"href":"https:\/\/canadianbrokernetwork.com\/fr\/wp-json\/wp\/v2\/pages\/517\/revisions"}],"predecessor-version":[{"id":3472,"href":"https:\/\/canadianbrokernetwork.com\/fr\/wp-json\/wp\/v2\/pages\/517\/revisions\/3472"}],"wp:attachment":[{"href":"https:\/\/canadianbrokernetwork.com\/fr\/wp-json\/wp\/v2\/media?parent=517"}],"curies":[{"name":"wp","href":"https:\/\/api.w.org\/{rel}","templated":true}]}}