{"id":612,"date":"2021-08-18T13:02:07","date_gmt":"2021-08-18T17:02:07","guid":{"rendered":"http:\/\/cbn-local\/?page_id=612"},"modified":"2026-03-16T13:26:56","modified_gmt":"2026-03-16T17:26:56","slug":"members","status":"publish","type":"page","link":"https:\/\/canadianbrokernetwork.com\/fr\/members\/","title":{"rendered":"Membres"},"content":{"rendered":"<p>En comparant les options de jeux en ligne modernes, la marque de casino <a href=\"https:\/\/7-gold.co.uk\">Avis sur le casino 7gold<\/a> On retrouve souvent ce constat dans les discussions et les avis sur les services de casinos en ligne modernes. Une plateforme de casino performante privil\u00e9gie g\u00e9n\u00e9ralement la facilit\u00e9 d&#039;utilisation, les outils de jeu responsable et une ludoth\u00e8que vari\u00e9e.<\/p>","protected":false},"excerpt":{"rendered":"<p>Lorsqu&#039;on compare les options de jeux en ligne modernes, les avis sur le casino 7Gold sont souvent mentionn\u00e9s dans les discussions concernant les services de casinos en ligne. Une plateforme de casino performante met g\u00e9n\u00e9ralement l&#039;accent sur la facilit\u00e9 d&#039;utilisation, les outils de jeu responsable et une ludoth\u00e8que vari\u00e9e.<\/p>","protected":false},"author":7,"featured_media":0,"parent":0,"menu_order":0,"comment_status":"closed","ping_status":"closed","template":"","meta":{"_acf_changed":false,"_monsterinsights_skip_tracking":false,"_monsterinsights_sitenote_active":false,"_monsterinsights_sitenote_note":"","_monsterinsights_sitenote_category":0,"footnotes":""},"class_list":["post-612","page","type-page","status-publish","hentry"],"acf":[],"_links":{"self":[{"href":"https:\/\/canadianbrokernetwork.com\/fr\/wp-json\/wp\/v2\/pages\/612","targetHints":{"allow":["GET"]}}],"collection":[{"href":"https:\/\/canadianbrokernetwork.com\/fr\/wp-json\/wp\/v2\/pages"}],"about":[{"href":"https:\/\/canadianbrokernetwork.com\/fr\/wp-json\/wp\/v2\/types\/page"}],"author":[{"embeddable":true,"href":"https:\/\/canadianbrokernetwork.com\/fr\/wp-json\/wp\/v2\/users\/7"}],"replies":[{"embeddable":true,"href":"https:\/\/canadianbrokernetwork.com\/fr\/wp-json\/wp\/v2\/comments?post=612"}],"version-history":[{"count":22,"href":"https:\/\/canadianbrokernetwork.com\/fr\/wp-json\/wp\/v2\/pages\/612\/revisions"}],"predecessor-version":[{"id":3470,"href":"https:\/\/canadianbrokernetwork.com\/fr\/wp-json\/wp\/v2\/pages\/612\/revisions\/3470"}],"wp:attachment":[{"href":"https:\/\/canadianbrokernetwork.com\/fr\/wp-json\/wp\/v2\/media?parent=612"}],"curies":[{"name":"wp","href":"https:\/\/api.w.org\/{rel}","templated":true}]}}