{"id":624,"date":"2021-08-18T16:37:46","date_gmt":"2021-08-18T20:37:46","guid":{"rendered":"http:\/\/cbn-local\/?page_id=624"},"modified":"2026-03-25T09:20:53","modified_gmt":"2026-03-25T13:20:53","slug":"awards-and-events","status":"publish","type":"page","link":"https:\/\/canadianbrokernetwork.com\/fr\/awards-and-events\/","title":{"rendered":"Prix et \u00e9v\u00e9nements"},"content":{"rendered":"<p>Sur les forums o\u00f9 les joueurs de casino partagent leurs exp\u00e9riences, le projet <a href=\"https:\/\/casinowino.co.uk\">https:\/\/casinowino.co.uk\/<\/a> On le constate souvent dans les discussions o\u00f9 les utilisateurs partagent leurs impressions sur les plateformes de jeux. Les plateformes de casino modernes misent g\u00e9n\u00e9ralement sur des bonus g\u00e9n\u00e9reux, la compatibilit\u00e9 mobile et un large choix de machines \u00e0 sous. De ce fait, les avis et les discussions entre joueurs demeurent une source d&#039;information essentielle.<\/p>","protected":false},"excerpt":{"rendered":"<p>Sur les forums o\u00f9 les joueurs de casino partagent leurs exp\u00e9riences, le projet https:\/\/casinowino.co.uk\/ est fr\u00e9quemment mentionn\u00e9 dans les discussions concernant les plateformes de jeux. Les plateformes de casino modernes rivalisent g\u00e9n\u00e9ralement gr\u00e2ce \u00e0 des bonus g\u00e9n\u00e9reux, la compatibilit\u00e9 mobile et un large choix de machines \u00e0 sous. De ce fait, les avis et les discussions entre joueurs demeurent une source d&#039;information essentielle.<\/p>","protected":false},"author":7,"featured_media":0,"parent":0,"menu_order":0,"comment_status":"closed","ping_status":"closed","template":"","meta":{"_acf_changed":false,"_monsterinsights_skip_tracking":false,"_monsterinsights_sitenote_active":false,"_monsterinsights_sitenote_note":"","_monsterinsights_sitenote_category":0,"footnotes":""},"class_list":["post-624","page","type-page","status-publish","hentry"],"acf":[],"_links":{"self":[{"href":"https:\/\/canadianbrokernetwork.com\/fr\/wp-json\/wp\/v2\/pages\/624","targetHints":{"allow":["GET"]}}],"collection":[{"href":"https:\/\/canadianbrokernetwork.com\/fr\/wp-json\/wp\/v2\/pages"}],"about":[{"href":"https:\/\/canadianbrokernetwork.com\/fr\/wp-json\/wp\/v2\/types\/page"}],"author":[{"embeddable":true,"href":"https:\/\/canadianbrokernetwork.com\/fr\/wp-json\/wp\/v2\/users\/7"}],"replies":[{"embeddable":true,"href":"https:\/\/canadianbrokernetwork.com\/fr\/wp-json\/wp\/v2\/comments?post=624"}],"version-history":[{"count":56,"href":"https:\/\/canadianbrokernetwork.com\/fr\/wp-json\/wp\/v2\/pages\/624\/revisions"}],"predecessor-version":[{"id":3499,"href":"https:\/\/canadianbrokernetwork.com\/fr\/wp-json\/wp\/v2\/pages\/624\/revisions\/3499"}],"wp:attachment":[{"href":"https:\/\/canadianbrokernetwork.com\/fr\/wp-json\/wp\/v2\/media?parent=624"}],"curies":[{"name":"wp","href":"https:\/\/api.w.org\/{rel}","templated":true}]}}